{"id":4268,"date":"2021-11-13T13:53:19","date_gmt":"2021-11-13T12:53:19","guid":{"rendered":"https:\/\/www.hamatec.de\/?page_id=4268"},"modified":"2025-07-22T11:08:49","modified_gmt":"2025-07-22T09:08:49","slug":"kompostausleser-typ-ka","status":"publish","type":"page","link":"https:\/\/www.hamatec.de\/en\/kompostausleser-typ-ka\/","title":{"rendered":"Compost separator type KA"},"content":{"rendered":"<div class=\"wpb-content-wrapper\"><div class=\"tm-row wpb_row vc_row-fluid tm-zindex-0 vc_row container tm-bgimage-position-center_center\">\n\n\t\t\n\t\t\n\t\t\n\n<div class=\"wpb_column tm-column vc_column_container vc_col-sm-12 tm-zindex-0\">\n\t<div class=\"vc_column-inner\">\n\t\t\t\t<div class=\"wpb_wrapper\">\n\t\t\t\n\t<div class=\"wpb_text_column wpb_content_element\" >\n\t\t<div class=\"wpb_wrapper\">\n\t\t\t<p>The <strong>\"KA\" compost separator <\/strong>from <span style=\"color: #007d4e;\"><b>HAMATEC <\/b><\/span>has been developed for specific separation of heavy and light fractions in the recycling sector.<\/p>\n<p>This gravity separator is an integral part of many successfully operating processing plants. The separator reliably separates impurities such as stones, glass, and metals to ensure perfectly cleaned compost or residual waste.<\/p>\n<p>An additional optional suction unit can be installed in the fines discharge to remove even the last light-weight particles such as paper and film residues. The industrial, solid design is the key to ensuring a long service life and low-maintenance operation.<\/p>\n\n\t\t<\/div>\n\t<\/div>\n\n<div class=\"tm-row-inner vc_row wpb_row vc_inner vc_row-fluid tm-zindex-0\">\n\t\n<div class=\"wpb_column tm-column-inner vc_column_container vc_col-sm-4 tm-zindex-0\">\n\t<div class=\"vc_column-inner\">\n\t\t \n\t\t<div class=\"wpb_wrapper\">\n\t\t\t\t\t<\/div>\n\t<\/div>\n<\/div>\n\n\n<div class=\"wpb_column tm-column-inner vc_column_container vc_col-sm-8 tm-zindex-0\">\n\t<div class=\"vc_column-inner\">\n\t\t \n\t\t<div class=\"wpb_wrapper\">\n\t\t\t\n\t<div  class=\"wpb_single_image wpb_content_element vc_align_left wpb_content_element\">\n\t\t\n\t\t<figure class=\"wpb_wrapper vc_figure\">\n\t\t\t<div class=\"vc_single_image-wrapper   vc_box_border_grey\"><img loading=\"lazy\" decoding=\"async\" width=\"2049\" height=\"1988\" src=\"https:\/\/www.hamatec.de\/wp-content\/uploads\/2021\/11\/kav6.jpg\" class=\"vc_single_image-img attachment-full\" alt=\"Kompostausler Typ KA6 mit aufgebautem Produkt-\/Pendelverteiler\" title=\"Type KA6 compost separator with mounted product\/shuttle distributor\" srcset=\"https:\/\/www.hamatec.de\/wp-content\/uploads\/2021\/11\/kav6.jpg 2049w, https:\/\/www.hamatec.de\/wp-content\/uploads\/2021\/11\/kav6-300x291.jpg 300w, https:\/\/www.hamatec.de\/wp-content\/uploads\/2021\/11\/kav6-1024x994.jpg 1024w, https:\/\/www.hamatec.de\/wp-content\/uploads\/2021\/11\/kav6-768x745.jpg 768w, https:\/\/www.hamatec.de\/wp-content\/uploads\/2021\/11\/kav6-1536x1490.jpg 1536w, https:\/\/www.hamatec.de\/wp-content\/uploads\/2021\/11\/kav6-12x12.jpg 12w, https:\/\/www.hamatec.de\/wp-content\/uploads\/2021\/11\/kav6-600x582.jpg 600w\" sizes=\"auto, (max-width: 2049px) 100vw, 2049px\" data-id=\"4465\" \/><\/div><figcaption class=\"vc_figure-caption\">Type KA6 compost separator with mounted product\/shuttle distributor<\/figcaption>\n\t\t<\/figure>\n\t<\/div>\n\t\t<\/div>\n\t<\/div>\n<\/div>\n\n<\/div>\n\n\n<div class=\"tm-row-inner vc_row wpb_row vc_inner vc_row-fluid tm-zindex-0\">\n\t\n<div class=\"wpb_column tm-column-inner vc_column_container vc_col-sm-8 tm-zindex-0\">\n\t<div class=\"vc_column-inner\">\n\t\t \n\t\t<div class=\"wpb_wrapper\">\n\t\t\t\n\t<div  class=\"wpb_single_image wpb_content_element vc_align_left wpb_content_element\">\n\t\t\n\t\t<figure class=\"wpb_wrapper vc_figure\">\n\t\t\t<div class=\"vc_single_image-wrapper   vc_box_border_grey\"><img loading=\"lazy\" decoding=\"async\" width=\"1699\" height=\"1716\" src=\"https:\/\/www.hamatec.de\/wp-content\/uploads\/2021\/12\/KA9.jpg\" class=\"vc_single_image-img attachment-full\" alt=\"Kompostausleser Typ KA9 mit aufgebautem Produkt-\/Pendelverteiler\" title=\"Compost separator type KA9 with mounted product\/shuttle distributor\" srcset=\"https:\/\/www.hamatec.de\/wp-content\/uploads\/2021\/12\/KA9.jpg 1699w, https:\/\/www.hamatec.de\/wp-content\/uploads\/2021\/12\/KA9-297x300.jpg 297w, https:\/\/www.hamatec.de\/wp-content\/uploads\/2021\/12\/KA9-1014x1024.jpg 1014w, https:\/\/www.hamatec.de\/wp-content\/uploads\/2021\/12\/KA9-768x776.jpg 768w, https:\/\/www.hamatec.de\/wp-content\/uploads\/2021\/12\/KA9-1521x1536.jpg 1521w, https:\/\/www.hamatec.de\/wp-content\/uploads\/2021\/12\/KA9-12x12.jpg 12w, https:\/\/www.hamatec.de\/wp-content\/uploads\/2021\/12\/KA9-600x606.jpg 600w, https:\/\/www.hamatec.de\/wp-content\/uploads\/2021\/12\/KA9-100x100.jpg 100w\" sizes=\"auto, (max-width: 1699px) 100vw, 1699px\" data-id=\"4846\" \/><\/div><figcaption class=\"vc_figure-caption\">Compost separator type KA9 with mounted product\/shuttle distributor<\/figcaption>\n\t\t<\/figure>\n\t<\/div>\n\t\t<\/div>\n\t<\/div>\n<\/div>\n\n\n<div class=\"wpb_column tm-column-inner vc_column_container vc_col-sm-4 tm-zindex-0\">\n\t<div class=\"vc_column-inner\">\n\t\t \n\t\t<div class=\"wpb_wrapper\">\n\t\t\t\t\t<\/div>\n\t<\/div>\n<\/div>\n\n<\/div>\n\n\n<div class=\"tm-row-inner vc_row wpb_row vc_inner vc_row-fluid tm-zindex-0\">\n\t\n<div class=\"wpb_column tm-column-inner vc_column_container vc_col-sm-12 tm-zindex-0\">\n\t<div class=\"vc_column-inner\">\n\t\t \n\t\t<div class=\"wpb_wrapper\">\n\t\t\t\n\t<div class=\"wpb_text_column wpb_content_element\" >\n\t\t<div class=\"wpb_wrapper\">\n\t\t\t\n<div class=\"wp-block-presto-player-reusable-edit\"><!--presto-player:video_id=18--><figure class=\"wp-block-video presto-block-video  presto-provider-self-hosted\" style=\"--plyr-color-main: var(--presto-player-highlight-color, #007d4e); --presto-player-logo-width: 60px; \">\n\t<presto-player \n\t\tpreset='{&quot;id&quot;:1,&quot;name&quot;:&quot;Default&quot;,&quot;slug&quot;:&quot;default&quot;,&quot;icon&quot;:&quot;format-video&quot;,&quot;skin&quot;:&quot;modern&quot;,&quot;play-large&quot;:true,&quot;rewind&quot;:true,&quot;play&quot;:true,&quot;fast-forward&quot;:true,&quot;progress&quot;:true,&quot;current-time&quot;:true,&quot;mute&quot;:true,&quot;volume&quot;:true,&quot;speed&quot;:false,&quot;pip&quot;:false,&quot;fullscreen&quot;:true,&quot;captions&quot;:false,&quot;reset_on_end&quot;:true,&quot;auto_hide&quot;:true,&quot;show_time_elapsed&quot;:false,&quot;captions_enabled&quot;:false,&quot;save_player_position&quot;:true,&quot;sticky_scroll&quot;:false,&quot;sticky_scroll_position&quot;:&quot;bottom right&quot;,&quot;on_video_end&quot;:&quot;select&quot;,&quot;play_video_viewport&quot;:false,&quot;hide_youtube&quot;:false,&quot;lazy_load_youtube&quot;:false,&quot;hide_logo&quot;:false,&quot;border_radius&quot;:0,&quot;caption_style&quot;:&quot;&quot;,&quot;caption_background&quot;:&quot;&quot;,&quot;is_locked&quot;:true,&quot;cta&quot;:[&quot;&quot;],&quot;watermark&quot;:[&quot;&quot;],&quot;search&quot;:[&quot;&quot;],&quot;email_collection&quot;:[&quot;&quot;],&quot;action_bar&quot;:[&quot;&quot;],&quot;created_by&quot;:1,&quot;created_at&quot;:&quot;2025-07-15 08:03:34&quot;,&quot;updated_at&quot;:&quot;2025-07-15 08:03:34&quot;,&quot;deleted_at&quot;:&quot;&quot;}'\n\t\tbranding='{&quot;logo&quot;:&quot;&quot;,&quot;color&quot;:&quot;#007d4e&quot;,&quot;logo_width&quot;:60,&quot;player_css&quot;:&quot;&quot;}'\n\t\tchapters='[]'\n\t\toverlays='[]'\n\t\ttracks='[]'\n\t\tblock-attributes='{&quot;playsInline&quot;:true,&quot;autoplay&quot;:true,&quot;id&quot;:18,&quot;attachment_id&quot;:4755,&quot;src&quot;:&quot;https:\\\/\\\/www.hamatec.de\\\/wp-content\\\/uploads\\\/2021\\\/11\\\/Animation-KA-En_28x16.mp4&quot;,&quot;preset&quot;:1,&quot;visibility&quot;:&quot;public&quot;,&quot;color&quot;:&quot;#00b3ff&quot;,&quot;mutedPreview&quot;:{&quot;enabled&quot;:false,&quot;captions&quot;:false},&quot;mutedOverlay&quot;:{&quot;enabled&quot;:false,&quot;src&quot;:&quot;&quot;,&quot;width&quot;:200,&quot;focalPoint&quot;:{&quot;x&quot;:0.5,&quot;y&quot;:0.5}},&quot;mutedOverlayType&quot;:&quot;text&quot;,&quot;mutedOverlayText&quot;:&quot;Click to play&quot;,&quot;mutedOverlayImageWidth&quot;:200,&quot;chapters&quot;:[],&quot;overlays&quot;:[],&quot;tracks&quot;:[],&quot;TrpContentRestriction&quot;:{&quot;restriction_type&quot;:&quot;exclude&quot;,&quot;selected_languages&quot;:[],&quot;panel_open&quot;:true},&quot;title&quot;:&quot;Animation KA En_28x16&quot;}'\n\t\tanalytics=''\n\t\tautomations\t\tprovider='self-hosted'\n\t\t\t\tid=\"presto-player-2\"\n\t\tsrc=\"https:\/\/www.hamatec.de\/wp-content\/uploads\/2021\/11\/Animation-KA-En_28x16.mp4\"\n\t\tmedia-title=\"Animation KA En_28x16\"\n\t\tcss=\"\"\n\t\tclass=\"presto-video-id-18 presto-preset-id-1 skin-modern\"\n\t\tskin=\"modern\" \n\t\ticon-url=\"https:\/\/www.hamatec.de\/wp-content\/plugins\/presto-player\/img\/sprite.svg\" \n\t\tpreload=\"\" \n\t\tposter=\"\"\n\t\tyoutube=\"{&quot;noCookie&quot;:false,&quot;channelId&quot;:&quot;&quot;,&quot;show_count&quot;:false}\"\n\t\tprovider-video-id=\"\"\n\t\tvideo-id=\"18\"\n\t\t\t\tplaysinline\tautoplay\t\t>\n\t\t            <video controls preload=\"none\">\n            <source src=\"https:\/\/www.hamatec.de\/wp-content\/uploads\/2021\/11\/Animation-KA-En_28x16.mp4\" \/>\n        <\/video>\n    \n\n\t<\/presto-player>\n<\/figure><\/div>\n\n\n\t\t<\/div>\n\t<\/div>\n\t\t<\/div>\n\t<\/div>\n<\/div>\n\n<\/div>\n\n\t\t<\/div>\n\t<\/div>\n<\/div>\n\n\n\n\t\t\n\t<\/div>\n\n\n\n\n\n\n\n\n\n\n\n<div class=\"tm-row wpb_row vc_row-fluid tm-zindex-0 vc_row container tm-bgimage-position-center_center\">\n\n\t\t\n\t\t\n\t\t\n\n<div class=\"wpb_column tm-column vc_column_container vc_col-sm-12 tm-zindex-0\">\n\t<div class=\"vc_column-inner\">\n\t\t\t\t<div class=\"wpb_wrapper\">\n\t\t\t<h4 style=\"text-align:left;\" class=\"tm-custom-heading\" >Specification<\/h4>\n<ul class=\"tm-list tm-list-style-icon tm-list-icon-color-skincolor tm- tm-icon-skincolor tm-list-textsize-medium tm-list-icon-library-fontawesome\"><li><i class=\"tm-skincolor fa fa-check-square\"><\/i>  <span class=\"tm-list-li-content\">unique separation performance<\/span><\/li><li><i class=\"tm-skincolor fa fa-check-square\"><\/i>  <span class=\"tm-list-li-content\">low maintenance and reliable operation<\/span><\/li><li><i class=\"tm-skincolor fa fa-check-square\"><\/i>  <span class=\"tm-list-li-content\">compact double-table build\n<\/span><\/li><li><i class=\"tm-skincolor fa fa-check-square\"><\/i>  <span class=\"tm-list-li-content\">table widths 2 x 600 mm or 2 x 900 mm respectively\n\n<\/span><\/li><li><i class=\"tm-skincolor fa fa-check-square\"><\/i>  <span class=\"tm-list-li-content\">sorting length 1.250 mm<\/span><\/li><li><i class=\"tm-skincolor fa fa-check-square\"><\/i>  <span class=\"tm-list-li-content\">good accessibility<\/span><\/li><li><i class=\"tm-skincolor fa fa-check-square\"><\/i>  <span class=\"tm-list-li-content\">solid industrial design<\/span><\/li><li><i class=\"tm-skincolor fa fa-check-square\"><\/i>  <span class=\"tm-list-li-content\">stable and robust drive<\/span><\/li><li><i class=\"tm-skincolor fa fa-check-square\"><\/i>  <span class=\"tm-list-li-content\">quick and easy screen change<\/span><\/li><li><i class=\"tm-skincolor fa fa-check-square\"><\/i>  <span class=\"tm-list-li-content\">small foodprint<\/span><\/li><li><i class=\"tm-skincolor fa fa-check-square\"><\/i>  <span class=\"tm-list-li-content\">closed and dust-proof design<\/span><\/li><li><i class=\"tm-skincolor fa fa-check-square\"><\/i>  <span class=\"tm-list-li-content\">optionally with separate standing pressure fans<\/span><\/li><li><i class=\"tm-skincolor fa fa-check-square\"><\/i>  <span class=\"tm-list-li-content\">optionally with central bearing lubrication points<\/span><\/li><li><i class=\"tm-skincolor fa fa-check-square\"><\/i>  <span class=\"tm-list-li-content\">optionally with screw feeder, or mechanical pendulum feeder<\/span><\/li><li><i class=\"tm-skincolor fa fa-check-square\"><\/i>  <span class=\"tm-list-li-content\">optionally available with separately adjustable light-weight particle suction unit<\/span><\/li><li><i class=\"tm-skincolor fa fa-check-square\"><\/i>  <span class=\"tm-list-li-content\">optionally with electrical equipment in accordance with ATEX zone 22-outside<\/span><\/li><\/ul>\t\t<\/div>\n\t<\/div>\n<\/div>\n\n\n\n\t\t\n\t<\/div>\n\n\n\n\n\n\n\n\n\n\n\n<div class=\"tm-row wpb_row vc_row-fluid tm-zindex-0 vc_row container tm-bgimage-position-center_center\">\n\n\t\t\n\t\t\n\t\t\n\n<div class=\"wpb_column tm-column vc_column_container vc_col-sm-12 tm-zindex-0\">\n\t<div class=\"vc_column-inner\">\n\t\t\t\t<div class=\"wpb_wrapper\">\n\t\t\t<div class=\"vc_empty_space\"   style=\"height: 60px\"><span class=\"vc_empty_space_inner\"><\/span><\/div>\t\t<\/div>\n\t<\/div>\n<\/div>\n\n\n\n\t\t\n\t<\/div>\n\n\n\n\n\n\n\n\n\n\n\n<div class=\"tm-row wpb_row vc_row-fluid tm-zindex-0 vc_row container tm-bgimage-position-center_center\">\n\n\t\t\n\t\t\n\t\t\n\n<div class=\"wpb_column tm-column vc_column_container vc_col-sm-12 tm-zindex-0\">\n\t<div class=\"vc_column-inner\">\n\t\t\t\t<div class=\"wpb_wrapper\">\n\t\t\t\n\t<div class=\"wpb_text_column wpb_content_element\" >\n\t\t<div class=\"wpb_wrapper\">\n\t\t\t<p>Manufacturer, supplier and distributor of <a href=\"https:\/\/www.hamatec.de\/en\/schwerteilausleser-typ-exakt-ii\/\">Gravity separator<\/a> \/ Compost separator for the recycling sector. The compost separator from HAMATEC is used for the fine processing of finished compost and residual waste in fractions between 0-20 mm. Heavy parts such as stones, sand, glass, metals, etc. are separated.<\/p>\n<p><strong><a href=\"https:\/\/www.hamatec.de\/en\/ueber-uns\/\">HAMATEC<\/a> \u2013 Your mechanical engineering specialist for dry mechanical processing<\/strong><\/p>\n<p><strong>Hamatec<\/strong> is a medium-sized company that manufactures individual machines and sub-systems for the grain industry, food industry and environmental technology.<\/p>\n<p>The main focus of <strong>HAMATEC<\/strong> is focused on the manufacture and sale of machines that are ideally suited for sifting, screening and the removal of heavy particles. In addition to circular screens and rotary screens, we also manufacture various wind sifters, such as trough chain conveyors, screw conveyors, elevators, conveyor belts, locks and separators.<\/p>\n\n\t\t<\/div>\n\t<\/div>\n\t\t<\/div>\n\t<\/div>\n<\/div>\n\n\n\n\t\t\n\t<\/div>\n<\/div>","protected":false},"excerpt":{"rendered":"Der Kompostausleser von HAMATEC ist zur spezifischen Trennung von Schwer-und Leichtteilen im Recyclingbereich entwickelt worden. Dieser Schwerteilausleser ist ein fester Bestandteil in vielen erfolgreich arbeitenden Aufbereitungsanlagen. Durch den Einsatz des Auslesers werden zuverl\u00e4ssig St\u00f6rstoffe wie Steine, Glas und Metalle ausgelesen und ist dadurch der Garant f\u00fcr einen einwandfrei gereinigten Kompost oder Restm\u00fcll. Optional kann zus\u00e4tzlich &hellip; <a href=\"https:\/\/www.hamatec.de\/en\/kompostausleser-typ-ka\/\" class=\"more-link\">Continue reading <span class=\"screen-reader-text\">Compost separator type KA<\/span><\/a>","protected":false},"author":1,"featured_media":0,"parent":0,"menu_order":0,"comment_status":"closed","ping_status":"closed","template":"","meta":{"footnotes":""},"class_list":["post-4268","page","type-page","status-publish","hentry"],"_links":{"self":[{"href":"https:\/\/www.hamatec.de\/en\/wp-json\/wp\/v2\/pages\/4268","targetHints":{"allow":["GET"]}}],"collection":[{"href":"https:\/\/www.hamatec.de\/en\/wp-json\/wp\/v2\/pages"}],"about":[{"href":"https:\/\/www.hamatec.de\/en\/wp-json\/wp\/v2\/types\/page"}],"author":[{"embeddable":true,"href":"https:\/\/www.hamatec.de\/en\/wp-json\/wp\/v2\/users\/1"}],"replies":[{"embeddable":true,"href":"https:\/\/www.hamatec.de\/en\/wp-json\/wp\/v2\/comments?post=4268"}],"version-history":[{"count":10,"href":"https:\/\/www.hamatec.de\/en\/wp-json\/wp\/v2\/pages\/4268\/revisions"}],"predecessor-version":[{"id":5361,"href":"https:\/\/www.hamatec.de\/en\/wp-json\/wp\/v2\/pages\/4268\/revisions\/5361"}],"wp:attachment":[{"href":"https:\/\/www.hamatec.de\/en\/wp-json\/wp\/v2\/media?parent=4268"}],"curies":[{"name":"wp","href":"https:\/\/api.w.org\/{rel}","templated":true}]}}