{"id":4261,"date":"2021-11-13T13:47:30","date_gmt":"2021-11-13T12:47:30","guid":{"rendered":"https:\/\/www.hamatec.de\/?page_id=4261"},"modified":"2022-11-25T12:06:16","modified_gmt":"2022-11-25T11:06:16","slug":"austragsschleusen","status":"publish","type":"page","link":"https:\/\/www.hamatec.de\/en\/austragsschleusen\/","title":{"rendered":"Austragsschleusen Typ GZS"},"content":{"rendered":"<div class=\"wpb-content-wrapper\"><div class=\"tm-row wpb_row vc_row-fluid tm-zindex-0 vc_row container tm-bgimage-position-center_center\">\n\n\t\t\n\t\t\n\t\t\n\n<div class=\"wpb_column tm-column vc_column_container vc_col-sm-12 tm-zindex-0\">\n\t<div class=\"vc_column-inner\">\n\t\t\t\t<div class=\"wpb_wrapper\">\n\t\t\t\n\t<div class=\"wpb_text_column wpb_content_element\" >\n\t\t<div class=\"wpb_wrapper\">\n\t\t\t<p>Available in \u00d8 300, \u00d8 400, and \u00d8 630 mm and in discharge lengths from 300 \u2013 1,500 mm. <strong>Gummizungenschleuse &#8220;GZS&#8221;<\/strong> is a robust, low-maintenance and very repair-friendly construction. The 4-chamber rotor is equipped with screwed-on, easily replaceable rubber lips as a seal to the lock housing.<\/p>\n<p>Besonders beliebt im Recyclingbereich, als auch bei Verarbeitern die z. B. Sackware handeln, da die Schleusenkonstruktion auch bei Sackf\u00e4den nicht blockiert \u2013 allerdings ist die &#8220;GZS&#8221; nicht drucksto\u00dffest auszuf\u00fchren.<\/p>\n\n\t\t<\/div>\n\t<\/div>\n\n\t<div  class=\"wpb_single_image wpb_content_element vc_align_left wpb_content_element\">\n\t\t\n\t\t<figure class=\"wpb_wrapper vc_figure\">\n\t\t\t<div class=\"vc_single_image-wrapper   vc_box_border_grey\"><img loading=\"lazy\" decoding=\"async\" width=\"2317\" height=\"1851\" src=\"https:\/\/www.hamatec.de\/wp-content\/uploads\/2021\/11\/gzs.jpg\" class=\"vc_single_image-img attachment-full\" alt=\"GZS 300x300\" title=\"GZS 300x300\" srcset=\"https:\/\/www.hamatec.de\/wp-content\/uploads\/2021\/11\/gzs.jpg 2317w, https:\/\/www.hamatec.de\/wp-content\/uploads\/2021\/11\/gzs-300x240.jpg 300w, https:\/\/www.hamatec.de\/wp-content\/uploads\/2021\/11\/gzs-1024x818.jpg 1024w, https:\/\/www.hamatec.de\/wp-content\/uploads\/2021\/11\/gzs-768x614.jpg 768w, https:\/\/www.hamatec.de\/wp-content\/uploads\/2021\/11\/gzs-1536x1227.jpg 1536w, https:\/\/www.hamatec.de\/wp-content\/uploads\/2021\/11\/gzs-2048x1636.jpg 2048w, https:\/\/www.hamatec.de\/wp-content\/uploads\/2021\/11\/gzs-15x12.jpg 15w, https:\/\/www.hamatec.de\/wp-content\/uploads\/2021\/11\/gzs-600x479.jpg 600w\" sizes=\"auto, (max-width: 2317px) 100vw, 2317px\" data-id=\"4551\" \/><\/div><figcaption class=\"vc_figure-caption\">GZS 300x300<\/figcaption>\n\t\t<\/figure>\n\t<\/div>\n\t\t<\/div>\n\t<\/div>\n<\/div>\n\n\n\n\t\t\n\t<\/div>\n\n\n\n\n\n\n\n\n\n\n\n<div class=\"tm-row wpb_row vc_row-fluid tm-zindex-0 vc_row container tm-bgimage-position-center_center\">\n\n\t\t\n\t\t\n\t\t\n\n<div class=\"wpb_column tm-column vc_column_container vc_col-sm-12 tm-zindex-0\">\n\t<div class=\"vc_column-inner\">\n\t\t\t\t<div class=\"wpb_wrapper\">\n\t\t\t<div class=\"vc_empty_space\"   style=\"height: 60px\"><span class=\"vc_empty_space_inner\"><\/span><\/div>\t\t<\/div>\n\t<\/div>\n<\/div>\n\n\n\n\t\t\n\t<\/div>\n\n\n\n\n\n\n\n\n\n\n\n<div class=\"tm-row wpb_row vc_row-fluid tm-zindex-0 vc_row container tm-bgimage-position-center_center\">\n\n\t\t\n\t\t\n\t\t\n\n<div class=\"wpb_column tm-column vc_column_container vc_col-sm-12 tm-zindex-0\">\n\t<div class=\"vc_column-inner\">\n\t\t\t\t<div class=\"wpb_wrapper\">\n\t\t\t\n\t<div class=\"wpb_text_column wpb_content_element\" >\n\t\t<div class=\"wpb_wrapper\">\n\t\t\t<p>Manufacturer, supplier and distributor of airlocks\/discharge airlocks\/discharge airlocks for the food, non-food and recycling sectors. The airlock from HAMATEC is used to remove dust and material from separators or expansion rooms.<\/p>\n<p><strong>HAMATEC \u2013 your specialist for dry mechanical processing.\u00a0\u00a0<\/strong><\/p>\n<p>Hamatec is a medium-sized company that manufactures individual machines and sub-systems for the grain industry, food industry and environmental technology.<\/p>\n<p>HAMATEC focuses on the manufacture and sale of machines that are ideally suited for sifting, sieving and separating heavy particles. In addition to circular sieves and rotary sieves, we also manufacture various wind sifters, such as trough chain conveyors, screw conveyors, elevators, conveyor belts, locks and separators.<\/p>\n\n\t\t<\/div>\n\t<\/div>\n\t\t<\/div>\n\t<\/div>\n<\/div>\n\n\n\n\t\t\n\t<\/div>\n<\/div>","protected":false},"excerpt":{"rendered":"Lieferbar in \u00d8 300, \u00d8 400, und \u00d8 630 mm und in Austragsl\u00e4ngen von 300 - 1.500 mm. Die Gummizungenschleuse \"GZS\" ist eine robuste, wartungsarme als auch sehr reparaturfreundliche Konstruktion. Der 4-Kammerrotor ist mit angeschraubten, leicht austauschbaren Gummilippen als Abdichtung zum Schleusengeh\u00e4use ausgestattet. Besonders beliebt im Recyclingbereich, als auch bei Verarbeitern die z. B. Sackware &hellip; <a href=\"https:\/\/www.hamatec.de\/en\/austragsschleusen\/\" class=\"more-link\">Continue reading <span class=\"screen-reader-text\">Austragsschleusen Typ GZS<\/span><\/a>","protected":false},"author":1,"featured_media":0,"parent":0,"menu_order":0,"comment_status":"closed","ping_status":"closed","template":"","meta":{"footnotes":""},"class_list":["post-4261","page","type-page","status-publish","hentry"],"_links":{"self":[{"href":"https:\/\/www.hamatec.de\/en\/wp-json\/wp\/v2\/pages\/4261","targetHints":{"allow":["GET"]}}],"collection":[{"href":"https:\/\/www.hamatec.de\/en\/wp-json\/wp\/v2\/pages"}],"about":[{"href":"https:\/\/www.hamatec.de\/en\/wp-json\/wp\/v2\/types\/page"}],"author":[{"embeddable":true,"href":"https:\/\/www.hamatec.de\/en\/wp-json\/wp\/v2\/users\/1"}],"replies":[{"embeddable":true,"href":"https:\/\/www.hamatec.de\/en\/wp-json\/wp\/v2\/comments?post=4261"}],"version-history":[{"count":10,"href":"https:\/\/www.hamatec.de\/en\/wp-json\/wp\/v2\/pages\/4261\/revisions"}],"predecessor-version":[{"id":5040,"href":"https:\/\/www.hamatec.de\/en\/wp-json\/wp\/v2\/pages\/4261\/revisions\/5040"}],"wp:attachment":[{"href":"https:\/\/www.hamatec.de\/en\/wp-json\/wp\/v2\/media?parent=4261"}],"curies":[{"name":"wp","href":"https:\/\/api.w.org\/{rel}","templated":true}]}}