{"id":4106,"date":"2021-11-04T09:49:38","date_gmt":"2021-11-04T08:49:38","guid":{"rendered":"https:\/\/www.hamatec.de\/?page_id=4106"},"modified":"2025-07-22T10:56:32","modified_gmt":"2025-07-22T08:56:32","slug":"windsichter-typ-v-mit-expansionsraum","status":"publish","type":"page","link":"https:\/\/www.hamatec.de\/en\/windsichter-typ-v-mit-expansionsraum\/","title":{"rendered":"Wind sifter type V with expansion chamber"},"content":{"rendered":"<div class=\"wpb-content-wrapper\"><div class=\"tm-row wpb_row vc_row-fluid tm-zindex-0 vc_row container tm-bgimage-position-center_center\">\n\n\t\t\n\t\t\n\t\t\n\n<div class=\"wpb_column tm-column vc_column_container vc_col-sm-12 tm-zindex-0\">\n\t<div class=\"vc_column-inner\">\n\t\t\t\t<div class=\"wpb_wrapper\">\n\t\t\t\n\t<div class=\"wpb_text_column wpb_content_element\" >\n\t\t<div class=\"wpb_wrapper\">\n\t\t\t<p>The <strong>Windsichter &#8220;V&#8221;<\/strong> with expanasion chamber from <span style=\"color: #007d4e;\"><b>HAMATEC <\/b><\/span> is a development particularly for the food area. It may also be used in other areas with comparable requirements.<\/p>\n<p>This classifier is mainly used for intense and effective pre-cleaning of products that are usually traded in bags and big bags, such as coffee, cocoa, or nuts. The goal is to remove loose skins, fruit residue, hair, bag fibres, and twine before screening or storage. The downstream, integrated expansion chamber with continuous discharge lock separates the separated fraction once again into lighter and heavier fractions. This way, the downstream filter or separator does not need to separate out all impurities contained in the exhaust air.<\/p>\n<p>The sifter is built in four sizes from 500 \u2013 1.500 mm. It is also available in stainless steel (1.4301). The sifter is generally adapted to the respective product. Areas in contact with the product can be lined to prevent wear for abrasive applications.<\/p>\n\n\t\t<\/div>\n\t<\/div>\n\t\t<\/div>\n\t<\/div>\n<\/div>\n\n\n\n\t\t\n\t<\/div>\n\n\n\n\n\n\n\n\n\n\n\n<div class=\"tm-row wpb_row vc_row-fluid vc_custom_1534501960978 tm-zindex-0 vc_row container tm-bgimage-position-center_center\">\n\n\t\t\n\t\t\n\t\t\n\n<div class=\"wpb_column tm-column vc_column_container vc_col-sm-2 tm-zindex-0\">\n\t<div class=\"vc_column-inner\">\n\t\t\t\t<div class=\"wpb_wrapper\">\n\t\t\t\t\t<\/div>\n\t<\/div>\n<\/div>\n\n\n\n\n\n<div class=\"wpb_column tm-column vc_column_container vc_col-sm-10 tm-zindex-0\">\n\t<div class=\"vc_column-inner\">\n\t\t\t\t<div class=\"wpb_wrapper\">\n\t\t\t\n\t<div  class=\"wpb_single_image wpb_content_element vc_align_left wpb_content_element\">\n\t\t\n\t\t<figure class=\"wpb_wrapper vc_figure\">\n\t\t\t<div class=\"vc_single_image-wrapper   vc_box_border_grey\"><img loading=\"lazy\" decoding=\"async\" width=\"1689\" height=\"1526\" src=\"https:\/\/www.hamatec.de\/wp-content\/uploads\/2021\/11\/v-sichter_1-1.jpg\" class=\"vc_single_image-img attachment-full\" alt=\"V 1500\" title=\"V 1500\" srcset=\"https:\/\/www.hamatec.de\/wp-content\/uploads\/2021\/11\/v-sichter_1-1.jpg 1689w, https:\/\/www.hamatec.de\/wp-content\/uploads\/2021\/11\/v-sichter_1-1-600x542.jpg 600w, https:\/\/www.hamatec.de\/wp-content\/uploads\/2021\/11\/v-sichter_1-1-300x271.jpg 300w, https:\/\/www.hamatec.de\/wp-content\/uploads\/2021\/11\/v-sichter_1-1-1024x925.jpg 1024w, https:\/\/www.hamatec.de\/wp-content\/uploads\/2021\/11\/v-sichter_1-1-768x694.jpg 768w, https:\/\/www.hamatec.de\/wp-content\/uploads\/2021\/11\/v-sichter_1-1-1536x1388.jpg 1536w\" sizes=\"auto, (max-width: 1689px) 100vw, 1689px\" data-id=\"4113\" \/><\/div>\n\t\t<\/figure>\n\t<\/div>\n\n\t<div class=\"wpb_text_column wpb_content_element\" >\n\t\t<div class=\"wpb_wrapper\">\n\t\t\t<p style=\"text-align: right;\">V 1500<\/p>\n\n\t\t<\/div>\n\t<\/div>\n\t\t<\/div>\n\t<\/div>\n<\/div>\n\n\n\n\t\t\n\t<\/div>\n\n\n\n\n\n\n\n\n\n\n\n<div class=\"tm-row wpb_row vc_row-fluid tm-zindex-0 vc_row container tm-bgimage-position-center_center\">\n\n\t\t\n\t\t\n\t\t\n\n<div class=\"wpb_column tm-column vc_column_container vc_col-sm-12 tm-zindex-0\">\n\t<div class=\"vc_column-inner\">\n\t\t\t\t<div class=\"wpb_wrapper\">\n\t\t\t\n\t<div class=\"wpb_text_column wpb_content_element\" >\n\t\t<div class=\"wpb_wrapper\">\n\t\t\t\n<div class=\"wp-block-presto-player-reusable-edit\"><!--presto-player:video_id=11--><figure class=\"wp-block-video presto-block-video  presto-provider-self-hosted\" style=\"--plyr-color-main: var(--presto-player-highlight-color, #007d4e); --presto-player-logo-width: 60px; \">\n\t<presto-player \n\t\tpreset='{&quot;id&quot;:1,&quot;name&quot;:&quot;Default&quot;,&quot;slug&quot;:&quot;default&quot;,&quot;icon&quot;:&quot;format-video&quot;,&quot;skin&quot;:&quot;modern&quot;,&quot;play-large&quot;:true,&quot;rewind&quot;:true,&quot;play&quot;:true,&quot;fast-forward&quot;:true,&quot;progress&quot;:true,&quot;current-time&quot;:true,&quot;mute&quot;:true,&quot;volume&quot;:true,&quot;speed&quot;:false,&quot;pip&quot;:false,&quot;fullscreen&quot;:true,&quot;captions&quot;:false,&quot;reset_on_end&quot;:true,&quot;auto_hide&quot;:true,&quot;show_time_elapsed&quot;:false,&quot;captions_enabled&quot;:false,&quot;save_player_position&quot;:true,&quot;sticky_scroll&quot;:false,&quot;sticky_scroll_position&quot;:&quot;bottom right&quot;,&quot;on_video_end&quot;:&quot;select&quot;,&quot;play_video_viewport&quot;:false,&quot;hide_youtube&quot;:false,&quot;lazy_load_youtube&quot;:false,&quot;hide_logo&quot;:false,&quot;border_radius&quot;:0,&quot;caption_style&quot;:&quot;&quot;,&quot;caption_background&quot;:&quot;&quot;,&quot;is_locked&quot;:true,&quot;cta&quot;:[&quot;&quot;],&quot;watermark&quot;:[&quot;&quot;],&quot;search&quot;:[&quot;&quot;],&quot;email_collection&quot;:[&quot;&quot;],&quot;action_bar&quot;:[&quot;&quot;],&quot;created_by&quot;:1,&quot;created_at&quot;:&quot;2025-07-15 08:03:34&quot;,&quot;updated_at&quot;:&quot;2025-07-15 08:03:34&quot;,&quot;deleted_at&quot;:&quot;&quot;}'\n\t\tbranding='{&quot;logo&quot;:&quot;&quot;,&quot;color&quot;:&quot;#007d4e&quot;,&quot;logo_width&quot;:60,&quot;player_css&quot;:&quot;&quot;}'\n\t\tchapters='[]'\n\t\toverlays='[]'\n\t\ttracks='[]'\n\t\tblock-attributes='{&quot;playsInline&quot;:true,&quot;autoplay&quot;:true,&quot;id&quot;:11,&quot;attachment_id&quot;:4803,&quot;src&quot;:&quot;https:\\\/\\\/www.hamatec.de\\\/wp-content\\\/uploads\\\/2021\\\/11\\\/Animation-V-Sichter-En.mp4&quot;,&quot;preset&quot;:1,&quot;visibility&quot;:&quot;public&quot;,&quot;color&quot;:&quot;#00b3ff&quot;,&quot;mutedPreview&quot;:{&quot;enabled&quot;:false,&quot;captions&quot;:false},&quot;mutedOverlay&quot;:{&quot;enabled&quot;:false,&quot;src&quot;:&quot;&quot;,&quot;width&quot;:200,&quot;focalPoint&quot;:{&quot;x&quot;:0.5,&quot;y&quot;:0.5}},&quot;mutedOverlayType&quot;:&quot;text&quot;,&quot;mutedOverlayText&quot;:&quot;Click to play&quot;,&quot;mutedOverlayImageWidth&quot;:200,&quot;chapters&quot;:[],&quot;overlays&quot;:[],&quot;tracks&quot;:[],&quot;TrpContentRestriction&quot;:{&quot;restriction_type&quot;:&quot;exclude&quot;,&quot;selected_languages&quot;:[],&quot;panel_open&quot;:true},&quot;title&quot;:&quot;Animation V-Sichter En&quot;}'\n\t\tanalytics=''\n\t\tautomations\t\tprovider='self-hosted'\n\t\t\t\tid=\"presto-player-2\"\n\t\tsrc=\"https:\/\/www.hamatec.de\/wp-content\/uploads\/2021\/11\/Animation-V-Sichter-En.mp4\"\n\t\tmedia-title=\"Animation V-Sichter En\"\n\t\tcss=\"\"\n\t\tclass=\"presto-video-id-11 presto-preset-id-1 skin-modern\"\n\t\tskin=\"modern\" \n\t\ticon-url=\"https:\/\/www.hamatec.de\/wp-content\/plugins\/presto-player\/img\/sprite.svg\" \n\t\tpreload=\"\" \n\t\tposter=\"\"\n\t\tyoutube=\"{&quot;noCookie&quot;:false,&quot;channelId&quot;:&quot;&quot;,&quot;show_count&quot;:false}\"\n\t\tprovider-video-id=\"\"\n\t\tvideo-id=\"11\"\n\t\t\t\tplaysinline\tautoplay\t\t>\n\t\t            <video controls preload=\"none\">\n            <source src=\"https:\/\/www.hamatec.de\/wp-content\/uploads\/2021\/11\/Animation-V-Sichter-En.mp4\" \/>\n        <\/video>\n    \n\n\t<\/presto-player>\n<\/figure><\/div>\n\n\n\t\t<\/div>\n\t<\/div>\n\t\t<\/div>\n\t<\/div>\n<\/div>\n\n\n\n\t\t\n\t<\/div>\n\n\n\n\n\n\n\n\n\n\n\n<div class=\"tm-row wpb_row vc_row-fluid vc_custom_1534501960978 tm-zindex-0 vc_row container tm-bgimage-position-center_center\">\n\n\t\t\n\t\t\n\t\t\n\n<div class=\"wpb_column tm-column vc_column_container vc_col-sm-8 tm-zindex-0\">\n\t<div class=\"vc_column-inner\">\n\t\t\t\t<div class=\"wpb_wrapper\">\n\t\t\t\n\t<div  class=\"wpb_single_image wpb_content_element vc_align_left wpb_content_element\">\n\t\t\n\t\t<figure class=\"wpb_wrapper vc_figure\">\n\t\t\t<div class=\"vc_single_image-wrapper   vc_box_border_grey\"><img loading=\"lazy\" decoding=\"async\" width=\"1720\" height=\"1882\" src=\"https:\/\/www.hamatec.de\/wp-content\/uploads\/2021\/11\/vx1500.jpg\" class=\"vc_single_image-img attachment-full\" alt=\"VX 1500, mit externer Schleuse\" title=\"VX 1500, with external discharge lock\" srcset=\"https:\/\/www.hamatec.de\/wp-content\/uploads\/2021\/11\/vx1500.jpg 1720w, https:\/\/www.hamatec.de\/wp-content\/uploads\/2021\/11\/vx1500-274x300.jpg 274w, https:\/\/www.hamatec.de\/wp-content\/uploads\/2021\/11\/vx1500-936x1024.jpg 936w, https:\/\/www.hamatec.de\/wp-content\/uploads\/2021\/11\/vx1500-768x840.jpg 768w, https:\/\/www.hamatec.de\/wp-content\/uploads\/2021\/11\/vx1500-1404x1536.jpg 1404w, https:\/\/www.hamatec.de\/wp-content\/uploads\/2021\/11\/vx1500-11x12.jpg 11w, https:\/\/www.hamatec.de\/wp-content\/uploads\/2021\/11\/vx1500-600x657.jpg 600w\" sizes=\"auto, (max-width: 1720px) 100vw, 1720px\" data-id=\"4489\" \/><\/div><figcaption class=\"vc_figure-caption\">VX 1500, with external discharge lock<\/figcaption>\n\t\t<\/figure>\n\t<\/div>\n\t\t<\/div>\n\t<\/div>\n<\/div>\n\n\n\n\n\n<div class=\"wpb_column tm-column vc_column_container vc_col-sm-4 tm-zindex-0\">\n\t<div class=\"vc_column-inner\">\n\t\t\t\t<div class=\"wpb_wrapper\">\n\t\t\t<div class=\"vc_empty_space\"   style=\"height: 32px\"><span class=\"vc_empty_space_inner\"><\/span><\/div>\n\t<div class=\"wpb_text_column wpb_content_element\" >\n\t\t<div class=\"wpb_wrapper\">\n\t\t\t<p><strong>V-wind sifter with expansion chamber and external discharge lock<\/strong><\/p>\n<p>Specially designed to remove threads and twine from cocoa and coffee.<\/p>\n\n\t\t<\/div>\n\t<\/div>\n\t\t<\/div>\n\t<\/div>\n<\/div>\n\n\n\n\t\t\n\t<\/div>\n\n\n\n\n\n\n\n\n\n\n\n<div class=\"tm-row wpb_row vc_row-fluid tm-zindex-0 vc_row container tm-bgimage-position-center_center\">\n\n\t\t\n\t\t\n\t\t\n\n<div class=\"wpb_column tm-column vc_column_container vc_col-sm-12 tm-zindex-0\">\n\t<div class=\"vc_column-inner\">\n\t\t\t\t<div class=\"wpb_wrapper\">\n\t\t\t<div class=\"vc_empty_space\"   style=\"height: 60px\"><span class=\"vc_empty_space_inner\"><\/span><\/div>\t\t<\/div>\n\t<\/div>\n<\/div>\n\n\n\n\t\t\n\t<\/div>\n\n\n\n\n\n\n\n\n\n\n\n<div class=\"tm-row wpb_row vc_row-fluid tm-zindex-0 vc_row container tm-bgimage-position-center_center\">\n\n\t\t\n\t\t\n\t\t\n\n<div class=\"wpb_column tm-column vc_column_container vc_col-sm-12 tm-zindex-0\">\n\t<div class=\"vc_column-inner\">\n\t\t\t\t<div class=\"wpb_wrapper\">\n\t\t\t\n\t<div class=\"wpb_text_column wpb_content_element\" >\n\t\t<div class=\"wpb_wrapper\">\n\t\t\t<p>Manufacturer, supplier and distributor of <a href=\"https:\/\/www.hamatec.de\/en\/steigsichter\/\"><strong>Wind sifter<\/strong> <\/a>for the food, non-food and recycling sectors. The <a href=\"https:\/\/www.hamatec.de\/en\/kaskadensichter-typ-kks\/\"><strong>Wind sifter<\/strong> <\/a>from HAMATEC are used to separate light contaminants such as dust, shells, threads, foil, hair, paper from free-flowing and largely dry products.<\/p>\n<p><strong>HAMATEC \u2013 your specialist for dry mechanical processing.<\/strong><\/p>\n<p>Hamatec is a medium-sized company that manufactures individual machines and sub-systems for the grain industry, food industry and environmental technology.<\/p>\n<p>HAMATEC focuses on the manufacture and sale of machines that are ideally suited for sifting, sieving and separating heavy particles. In addition to circular sieves and rotary sieves, we also manufacture various wind sifters, such as trough chain conveyors, screw conveyors, elevators, conveyor belts, locks and separators.<\/p>\n\n\t\t<\/div>\n\t<\/div>\n\t\t<\/div>\n\t<\/div>\n<\/div>\n\n\n\n\t\t\n\t<\/div>\n<\/div>","protected":false},"excerpt":{"rendered":"Der Windsichter \"V\" mit Expansionsraum von HAMATEC ist eine Entwicklung speziell f\u00fcr den Nahrungsmittelbereich. Bei vergleichbaren Anforderungen ist der Einsatz auch in anderen Bereichen m\u00f6glich. Vorrangig dient der Sichter zur intensiven und effektiven Vorreinigung von Produkten, die \u00fcblicherweise in S\u00e4cken und Big Bags gehandelt werden. Wie z. B. Kaffee, Kakao und N\u00fcsse. Ziel ist, freie &hellip; <a href=\"https:\/\/www.hamatec.de\/en\/windsichter-typ-v-mit-expansionsraum\/\" class=\"more-link\">Continue reading <span class=\"screen-reader-text\">Wind sifter type V with expansion chamber<\/span><\/a>","protected":false},"author":1,"featured_media":0,"parent":0,"menu_order":0,"comment_status":"closed","ping_status":"closed","template":"","meta":{"footnotes":""},"class_list":["post-4106","page","type-page","status-publish","hentry"],"_links":{"self":[{"href":"https:\/\/www.hamatec.de\/en\/wp-json\/wp\/v2\/pages\/4106","targetHints":{"allow":["GET"]}}],"collection":[{"href":"https:\/\/www.hamatec.de\/en\/wp-json\/wp\/v2\/pages"}],"about":[{"href":"https:\/\/www.hamatec.de\/en\/wp-json\/wp\/v2\/types\/page"}],"author":[{"embeddable":true,"href":"https:\/\/www.hamatec.de\/en\/wp-json\/wp\/v2\/users\/1"}],"replies":[{"embeddable":true,"href":"https:\/\/www.hamatec.de\/en\/wp-json\/wp\/v2\/comments?post=4106"}],"version-history":[{"count":10,"href":"https:\/\/www.hamatec.de\/en\/wp-json\/wp\/v2\/pages\/4106\/revisions"}],"predecessor-version":[{"id":5355,"href":"https:\/\/www.hamatec.de\/en\/wp-json\/wp\/v2\/pages\/4106\/revisions\/5355"}],"wp:attachment":[{"href":"https:\/\/www.hamatec.de\/en\/wp-json\/wp\/v2\/media?parent=4106"}],"curies":[{"name":"wp","href":"https:\/\/api.w.org\/{rel}","templated":true}]}}