{"id":4014,"date":"2021-11-03T15:08:33","date_gmt":"2021-11-03T14:08:33","guid":{"rendered":"https:\/\/www.hamatec.de\/?page_id=4014"},"modified":"2025-07-17T15:17:11","modified_gmt":"2025-07-17T13:17:11","slug":"steigsichter","status":"publish","type":"page","link":"https:\/\/www.hamatec.de\/en\/steigsichter\/","title":{"rendered":"Air classifier"},"content":{"rendered":"<div class=\"wpb-content-wrapper\"><div class=\"tm-row wpb_row vc_row-fluid tm-zindex-0 vc_row container tm-bgimage-position-center_center\">\n\n\t\t\n\t\t\n\t\t\n\n<div class=\"wpb_column tm-column vc_column_container vc_col-sm-12 tm-zindex-0\">\n\t<div class=\"vc_column-inner\">\n\t\t\t\t<div class=\"wpb_wrapper\">\n\t\t\t<h1 style=\"text-align:left;\" class=\"tm-custom-heading\" >Air classifier systems<\/h1>\n\n\t<div class=\"wpb_text_column wpb_content_element\" >\n\t\t<div class=\"wpb_wrapper\">\n\t\t\t<p>The <span style=\"color: #007d4e;\"><b>HAMATEC<\/b><\/span> various air classifiers are characterised by robust designs, good and multiple adjustment options, and longevity. All air classifiers can also be supplied in stainless steel (1.4301). They can also be used in the food sector since they can be cleaned well.<\/p>\n<p>The classifier is generally adapted to the respective product. Areas in contact with the product can be lined to prevent wear for abrasive applications.<\/p>\n\n\t\t<\/div>\n\t<\/div>\n\n<div class=\"tm-row-inner vc_row wpb_row vc_inner vc_row-fluid tm-zindex-0\">\n\t\n<div class=\"wpb_column tm-column-inner vc_column_container vc_col-sm-6 tm-zindex-0\">\n\t<div class=\"vc_column-inner\">\n\t\t \n\t\t<div class=\"wpb_wrapper\">\n\t\t\t\n\t<div  class=\"wpb_single_image wpb_content_element vc_align_left wpb_content_element\">\n\t\t\n\t\t<figure class=\"wpb_wrapper vc_figure\">\n\t\t\t<div class=\"vc_single_image-wrapper   vc_box_border_grey\"><img loading=\"lazy\" decoding=\"async\" width=\"1321\" height=\"1632\" src=\"https:\/\/www.hamatec.de\/wp-content\/uploads\/2021\/11\/steigsichter-1.jpg\" class=\"vc_single_image-img attachment-full\" alt=\"Steigsichter Typ 500\" title=\"Air classifier type 500\" srcset=\"https:\/\/www.hamatec.de\/wp-content\/uploads\/2021\/11\/steigsichter-1.jpg 1321w, https:\/\/www.hamatec.de\/wp-content\/uploads\/2021\/11\/steigsichter-1-243x300.jpg 243w, https:\/\/www.hamatec.de\/wp-content\/uploads\/2021\/11\/steigsichter-1-829x1024.jpg 829w, https:\/\/www.hamatec.de\/wp-content\/uploads\/2021\/11\/steigsichter-1-768x949.jpg 768w, https:\/\/www.hamatec.de\/wp-content\/uploads\/2021\/11\/steigsichter-1-1243x1536.jpg 1243w, https:\/\/www.hamatec.de\/wp-content\/uploads\/2021\/11\/steigsichter-1-10x12.jpg 10w, https:\/\/www.hamatec.de\/wp-content\/uploads\/2021\/11\/steigsichter-1-600x741.jpg 600w\" sizes=\"auto, (max-width: 1321px) 100vw, 1321px\" data-id=\"4547\" \/><\/div><figcaption class=\"vc_figure-caption\">Air classifier type 500<\/figcaption>\n\t\t<\/figure>\n\t<\/div>\n\t\t<\/div>\n\t<\/div>\n<\/div>\n\n\n<div class=\"wpb_column tm-column-inner vc_column_container vc_col-sm-6 tm-zindex-0\">\n\t<div class=\"vc_column-inner\">\n\t\t \n\t\t<div class=\"wpb_wrapper\">\n\t\t\t\n\t<div  class=\"wpb_single_image wpb_content_element vc_align_left wpb_content_element\">\n\t\t\n\t\t<figure class=\"wpb_wrapper vc_figure\">\n\t\t\t<div class=\"vc_single_image-wrapper   vc_box_border_grey\"><img loading=\"lazy\" decoding=\"async\" width=\"1312\" height=\"1757\" src=\"https:\/\/www.hamatec.de\/wp-content\/uploads\/2021\/11\/steigsichter-2.jpg\" class=\"vc_single_image-img attachment-full\" alt=\"Steigsichter Typ 500\" title=\"Air classifier type 500\" srcset=\"https:\/\/www.hamatec.de\/wp-content\/uploads\/2021\/11\/steigsichter-2.jpg 1312w, https:\/\/www.hamatec.de\/wp-content\/uploads\/2021\/11\/steigsichter-2-224x300.jpg 224w, https:\/\/www.hamatec.de\/wp-content\/uploads\/2021\/11\/steigsichter-2-765x1024.jpg 765w, https:\/\/www.hamatec.de\/wp-content\/uploads\/2021\/11\/steigsichter-2-768x1028.jpg 768w, https:\/\/www.hamatec.de\/wp-content\/uploads\/2021\/11\/steigsichter-2-1147x1536.jpg 1147w, https:\/\/www.hamatec.de\/wp-content\/uploads\/2021\/11\/steigsichter-2-9x12.jpg 9w, https:\/\/www.hamatec.de\/wp-content\/uploads\/2021\/11\/steigsichter-2-600x804.jpg 600w\" sizes=\"auto, (max-width: 1312px) 100vw, 1312px\" data-id=\"4546\" \/><\/div>\n\t\t<\/figure>\n\t<\/div>\n\t\t<\/div>\n\t<\/div>\n<\/div>\n\n<\/div>\n\n\t\t<\/div>\n\t<\/div>\n<\/div>\n\n\n\n\t\t\n\t<\/div>\n\n\n\n\n\n\n\n\n\n\n\n<div class=\"tm-row wpb_row vc_row-fluid tm-zindex-0 vc_row container tm-bgimage-position-center_center\">\n\n\t\t\n\t\t\n\t\t\n\n<div class=\"wpb_column tm-column vc_column_container vc_col-sm-12 tm-zindex-0\">\n\t<div class=\"vc_column-inner\">\n\t\t\t\t<div class=\"wpb_wrapper\">\n\t\t\t\n\t<div class=\"wpb_text_column wpb_content_element\" >\n\t\t<div class=\"wpb_wrapper\">\n\t\t\t\n<div class=\"wp-block-presto-player-reusable-edit\"><!--presto-player:video_id=2--><figure class=\"wp-block-video presto-block-video  presto-provider-self-hosted\" style=\"--plyr-color-main: var(--presto-player-highlight-color, #007d4e); --presto-player-logo-width: 60px; \">\n\t<presto-player \n\t\tpreset='{&quot;id&quot;:1,&quot;name&quot;:&quot;Default&quot;,&quot;slug&quot;:&quot;default&quot;,&quot;icon&quot;:&quot;format-video&quot;,&quot;skin&quot;:&quot;modern&quot;,&quot;play-large&quot;:true,&quot;rewind&quot;:true,&quot;play&quot;:true,&quot;fast-forward&quot;:true,&quot;progress&quot;:true,&quot;current-time&quot;:true,&quot;mute&quot;:true,&quot;volume&quot;:true,&quot;speed&quot;:false,&quot;pip&quot;:false,&quot;fullscreen&quot;:true,&quot;captions&quot;:false,&quot;reset_on_end&quot;:true,&quot;auto_hide&quot;:true,&quot;show_time_elapsed&quot;:false,&quot;captions_enabled&quot;:false,&quot;save_player_position&quot;:true,&quot;sticky_scroll&quot;:false,&quot;sticky_scroll_position&quot;:&quot;bottom right&quot;,&quot;on_video_end&quot;:&quot;select&quot;,&quot;play_video_viewport&quot;:false,&quot;hide_youtube&quot;:false,&quot;lazy_load_youtube&quot;:false,&quot;hide_logo&quot;:false,&quot;border_radius&quot;:0,&quot;caption_style&quot;:&quot;&quot;,&quot;caption_background&quot;:&quot;&quot;,&quot;is_locked&quot;:true,&quot;cta&quot;:[&quot;&quot;],&quot;watermark&quot;:[&quot;&quot;],&quot;search&quot;:[&quot;&quot;],&quot;email_collection&quot;:[&quot;&quot;],&quot;action_bar&quot;:[&quot;&quot;],&quot;created_by&quot;:1,&quot;created_at&quot;:&quot;2025-07-15 08:03:34&quot;,&quot;updated_at&quot;:&quot;2025-07-15 08:03:34&quot;,&quot;deleted_at&quot;:&quot;&quot;}'\n\t\tbranding='{&quot;logo&quot;:&quot;&quot;,&quot;color&quot;:&quot;#007d4e&quot;,&quot;logo_width&quot;:60,&quot;player_css&quot;:&quot;&quot;}'\n\t\tchapters='[]'\n\t\toverlays='[]'\n\t\ttracks='[]'\n\t\tblock-attributes='{&quot;playsInline&quot;:true,&quot;autoplay&quot;:true,&quot;id&quot;:2,&quot;attachment_id&quot;:4812,&quot;src&quot;:&quot;https:\\\/\\\/www.hamatec.de\\\/wp-content\\\/uploads\\\/2021\\\/12\\\/Animation-Steigsichter-En.mp4&quot;,&quot;preset&quot;:1,&quot;visibility&quot;:&quot;public&quot;,&quot;color&quot;:&quot;#00b3ff&quot;,&quot;mutedPreview&quot;:{&quot;enabled&quot;:false,&quot;captions&quot;:false},&quot;mutedOverlay&quot;:{&quot;enabled&quot;:false,&quot;src&quot;:&quot;&quot;,&quot;width&quot;:200,&quot;focalPoint&quot;:{&quot;x&quot;:0.5,&quot;y&quot;:0.5}},&quot;mutedOverlayType&quot;:&quot;text&quot;,&quot;mutedOverlayText&quot;:&quot;Click to play&quot;,&quot;mutedOverlayImageWidth&quot;:200,&quot;chapters&quot;:[],&quot;overlays&quot;:[],&quot;tracks&quot;:[],&quot;TrpContentRestriction&quot;:{&quot;restriction_type&quot;:&quot;exclude&quot;,&quot;selected_languages&quot;:[],&quot;panel_open&quot;:true},&quot;title&quot;:&quot;Animation Steigsichter En&quot;}'\n\t\tanalytics=''\n\t\tautomations\t\tprovider='self-hosted'\n\t\t\t\tid=\"presto-player-1\"\n\t\tsrc=\"https:\/\/www.hamatec.de\/wp-content\/uploads\/2021\/12\/Animation-Steigsichter-En.mp4\"\n\t\tmedia-title=\"Animation Steigsichter En\"\n\t\tcss=\"\"\n\t\tclass=\"presto-video-id-2 presto-preset-id-1 skin-modern\"\n\t\tskin=\"modern\" \n\t\ticon-url=\"https:\/\/www.hamatec.de\/wp-content\/plugins\/presto-player\/img\/sprite.svg\" \n\t\tpreload=\"\" \n\t\tposter=\"\"\n\t\tyoutube=\"{&quot;noCookie&quot;:false,&quot;channelId&quot;:&quot;&quot;,&quot;show_count&quot;:false}\"\n\t\tprovider-video-id=\"\"\n\t\tvideo-id=\"2\"\n\t\t\t\tplaysinline\tautoplay\t\t>\n\t\t            <video controls preload=\"none\">\n            <source src=\"https:\/\/www.hamatec.de\/wp-content\/uploads\/2021\/12\/Animation-Steigsichter-En.mp4\" \/>\n        <\/video>\n    \n\n\t<\/presto-player>\n<\/figure><\/div>\n\n\n\t\t<\/div>\n\t<\/div>\n\t\t<\/div>\n\t<\/div>\n<\/div>\n\n\n\n\t\t\n\t<\/div>\n\n\n\n\n\n\n\n\n\n\n\n<div class=\"tm-row wpb_row vc_row-fluid tm-zindex-0 vc_row container tm-bgimage-position-center_center\">\n\n\t\t\n\t\t\n\t\t\n\n<div class=\"wpb_column tm-column vc_column_container vc_col-sm-12 tm-zindex-0\">\n\t<div class=\"vc_column-inner\">\n\t\t\t\t<div class=\"wpb_wrapper\">\n\t\t\t<div class=\"vc_empty_space\"   style=\"height: 60px\"><span class=\"vc_empty_space_inner\"><\/span><\/div>\t\t<\/div>\n\t<\/div>\n<\/div>\n\n\n\n\t\t\n\t<\/div>\n\n\n\n\n\n\n\n\n\n\n\n<div class=\"tm-row wpb_row vc_row-fluid tm-zindex-0 vc_row container tm-bgimage-position-center_center\">\n\n\t\t\n\t\t\n\t\t\n\n<div class=\"wpb_column tm-column vc_column_container vc_col-sm-12 tm-zindex-0\">\n\t<div class=\"vc_column-inner\">\n\t\t\t\t<div class=\"wpb_wrapper\">\n\t\t\t\n<div class=\"tm-row-inner vc_row wpb_row vc_inner vc_row-fluid tm-zindex-0\">\n\t\n<div class=\"wpb_column tm-column-inner vc_column_container vc_col-sm-12 tm-zindex-0\">\n\t<div class=\"vc_column-inner\">\n\t\t \n\t\t<div class=\"wpb_wrapper\">\n\t\t\t\n\t<div class=\"wpb_text_column wpb_content_element\" >\n\t\t<div class=\"wpb_wrapper\">\n\t\t\t<p>The <strong>Air classifier<\/strong> from <span style=\"color: #007d4e;\"><b>HAMATEC<\/b><\/span> is designed as a stand-alone machine or can be directly mounted on the <span style=\"color: #007d4e;\"><b>HAMATEC<\/b><\/span> rotary screen sieve. Precise adjustment of the air classifier is ensured by the large, illuminated viewing pane, the parallel adjustable rear wall, and the air volume regulation.<\/p>\n<p>The classifier is available in 3 sizes from 500 \u2013 1.000 mm. This classifier is primarily intended for the food and non-food areas<\/p>\n\n\t\t<\/div>\n\t<\/div>\n\t\t<\/div>\n\t<\/div>\n<\/div>\n\n<\/div>\n\n\n\t<div class=\"wpb_text_column wpb_content_element\" >\n\t\t<div class=\"wpb_wrapper\">\n\t\t\t<p>Manufacturer, supplier and distributor of <a href=\"https:\/\/www.hamatec.de\/en\/windsichter-sz\/\"><strong>Wind sifter<\/strong><\/a> for the food, non-food and recycling sectors. The <a href=\"https:\/\/www.hamatec.de\/en\/windsichter-typ-v-mit-expansionsraum\/\"><strong>Wind sifter<\/strong> <\/a>from HAMATEC are used to separate light contaminants such as dust, shells, threads, foil, hair, paper from free-flowing and largely dry products.<\/p>\n<p><strong>HAMATEC \u2013 your specialist for dry mechanical processing.<\/strong><\/p>\n<p>Hamatec is a medium-sized company that manufactures individual machines and sub-systems for the grain industry, food industry and environmental technology.<br \/>\nHAMATEC focuses on the manufacture and sale of machines that are ideally suited for sifting, sieving and separating heavy particles. In addition to circular sieves and rotary sieves, we also manufacture various wind sifters, such as trough chain conveyors, screw conveyors, elevators, conveyor belts, locks and separators.<\/p>\n\n\t\t<\/div>\n\t<\/div>\n\t\t<\/div>\n\t<\/div>\n<\/div>\n\n\n\n\t\t\n\t<\/div>\n<\/div>","protected":false},"excerpt":{"rendered":"Windsichtersysteme Die verschiedenen Windsichter von HAMATEC zeichnen sich durch robuste Ausf\u00fchrungen, gute und mehrfache Einstellm\u00f6glichkeiten und Langlebigkeit aus. Alle Windsichter k\u00f6nnen auch in Edelstahl (1.4301) geliefert werden. Durch die gute Reinigungsm\u00f6glichkeiten ist der Einsatz auch im Lebensmittelbereich m\u00f6glich. Grunds\u00e4tzlich wird der Sichter dem jeweiligen Produkt angepasst. F\u00fcr abrasive Anwendungen k\u00f6nnen produktber\u00fchrte Bereiche verschlei\u00dfhemmend ausgekleidet werden. &hellip; <a href=\"https:\/\/www.hamatec.de\/en\/steigsichter\/\" class=\"more-link\">Continue reading <span class=\"screen-reader-text\">Air classifier<\/span><\/a>","protected":false},"author":1,"featured_media":0,"parent":0,"menu_order":0,"comment_status":"closed","ping_status":"closed","template":"","meta":{"footnotes":""},"class_list":["post-4014","page","type-page","status-publish","hentry"],"_links":{"self":[{"href":"https:\/\/www.hamatec.de\/en\/wp-json\/wp\/v2\/pages\/4014","targetHints":{"allow":["GET"]}}],"collection":[{"href":"https:\/\/www.hamatec.de\/en\/wp-json\/wp\/v2\/pages"}],"about":[{"href":"https:\/\/www.hamatec.de\/en\/wp-json\/wp\/v2\/types\/page"}],"author":[{"embeddable":true,"href":"https:\/\/www.hamatec.de\/en\/wp-json\/wp\/v2\/users\/1"}],"replies":[{"embeddable":true,"href":"https:\/\/www.hamatec.de\/en\/wp-json\/wp\/v2\/comments?post=4014"}],"version-history":[{"count":10,"href":"https:\/\/www.hamatec.de\/en\/wp-json\/wp\/v2\/pages\/4014\/revisions"}],"predecessor-version":[{"id":5322,"href":"https:\/\/www.hamatec.de\/en\/wp-json\/wp\/v2\/pages\/4014\/revisions\/5322"}],"wp:attachment":[{"href":"https:\/\/www.hamatec.de\/en\/wp-json\/wp\/v2\/media?parent=4014"}],"curies":[{"name":"wp","href":"https:\/\/api.w.org\/{rel}","templated":true}]}}